{"id":45251,"date":"2022-04-01T15:12:44","date_gmt":"2022-04-01T15:12:44","guid":{"rendered":"https:\/\/immopro.fr\/mentions-legales"},"modified":"2024-10-03T08:09:14","modified_gmt":"2024-10-03T08:09:14","slug":"legal-notice","status":"publish","type":"page","link":"https:\/\/immopro.fr\/en\/legal-notice\/","title":{"rendered":"Legal Notice"},"content":{"rendered":"\t\t<div data-elementor-type=\"wp-page\" data-elementor-id=\"45251\" class=\"elementor elementor-45251 elementor-3\">\n\t\t\t\t\t\t<section class=\"elementor-section elementor-top-section elementor-element elementor-element-2fd0a4d3 elementor-section-boxed elementor-section-height-default elementor-section-height-default\" data-id=\"2fd0a4d3\" data-element_type=\"section\">\n\t\t\t\t\t\t<div class=\"elementor-container elementor-column-gap-default\">\n\t\t\t\t\t<div class=\"elementor-column elementor-col-100 elementor-top-column elementor-element elementor-element-395a2848\" data-id=\"395a2848\" data-element_type=\"column\">\n\t\t\t<div class=\"elementor-widget-wrap elementor-element-populated\">\n\t\t\t\t\t\t<div class=\"elementor-element elementor-element-64302ca3 elementor-widget__width-initial elementor-widget elementor-widget-text-editor\" data-id=\"64302ca3\" data-element_type=\"widget\" data-widget_type=\"text-editor.default\">\n\t\t\t\t<div class=\"elementor-widget-container\">\n\t\t\t\t\t\t\t<p><\/p> <h2>1. Company Site L&#8217;AGENCE D&#8217;OCCITANIE<\/h2> <p><\/p> <ul> <li style=\"list-style-type: none;\"> <ul><\/ul> <\/li> <\/ul> <ul> <li style=\"list-style-type: none;\"> <ul> <li>Company Name: L&#8217;AGENCE D&#8217;OCCITANIE \/ Real Estate Agency Immo Pro<\/li> <\/ul> <\/li> <\/ul> <p><\/p> <ul> <li style=\"list-style-type: none;\"> <ul> <li>Legal Name: L&#8217;AGENCE D&#8217;OCCITANIE<\/li> <\/ul> <\/li> <\/ul> <p><\/p> <ul> <li style=\"list-style-type: none;\"> <ul> <li>Head Office Address: 19 Place du 8 mai 1945, 32130 Samatan<\/li> <\/ul> <\/li> <\/ul> <p><\/p> <ul> <li style=\"list-style-type: none;\"> <ul> <li>Phone: 05.62.62.42.62<\/li> <\/ul> <\/li> <\/ul> <p><\/p> <ul> <li style=\"list-style-type: none;\"> <ul> <li>RCS AUCH &#8211; SIRET No. 880 715 073 00016<\/li> <\/ul> <\/li> <\/ul> <p><\/p> <ul> <li style=\"list-style-type: none;\"> <ul> <li>VAT Number: FR61880715073<\/li> <\/ul> <\/li> <\/ul> <p><\/p> <ul> <li style=\"list-style-type: none;\"> <ul> <li>APE Code: 6831Z<\/li> <\/ul> <\/li> <\/ul> <p><\/p> <ul> <li style=\"list-style-type: none;\"> <ul> <li>Share Capital: 10,000 \u20ac<\/li> <\/ul> <\/li> <\/ul> <p><\/p> <ul> <li style=\"list-style-type: none;\"> <ul> <li>Professional License Number: Issued by the Prefecture of Gers CPI 3201 2020 000 045 055<\/li> <\/ul> <\/li> <\/ul> <ul> <li style=\"list-style-type: none;\"> <ul> <li>Second Office: 26bis Boulevard des Pyr\u00e9n\u00e9es, 32220 Lombez &#8211; RCS &#8211; SIRET No. 880 715 073 00024<\/li> <\/ul> <\/li> <\/ul> <p><\/p> <p><\/p> <h2>2. Fee Schedule<\/h2> <section class=\"elementor-section elementor-top-section elementor-element elementor-element-a5a7809 elementor-section-boxed elementor-section-height-default elementor-section-height-default\" data-id=\"a5a7809\" data-element_type=\"section\"> <div class=\"elementor-container elementor-column-gap-default\"> <div class=\"elementor-column elementor-col-100 elementor-top-column elementor-element elementor-element-ff49825\" data-id=\"ff49825\" data-element_type=\"column\"> <div class=\"elementor-widget-wrap elementor-element-populated\"> <div class=\"elementor-element elementor-element-599576d elementor-widget elementor-widget-text-editor\" data-id=\"599576d\" data-element_type=\"widget\" data-widget_type=\"text-editor.default\"> <div class=\"elementor-widget-container\"> <ul> <li>Below 20,000 \u20ac \u2013 Fixed fee of 3,000 \u20ac (incl. VAT) (2,500 \u20ac excl. VAT)<\/li> <li>From 20,000 \u20ac to 50,000 \u20ac \u2013 Fixed fee of 5,400 \u20ac (incl. VAT) (4,500 \u20ac excl. VAT)<\/li> <li>From 50,001 \u20ac to 90,000 \u20ac \u2013 Fixed fee of 7,000 \u20ac (incl. VAT) (5,833.33 \u20ac excl. VAT)<\/li> <li>From 90,001 \u20ac to 125,000 \u20ac \u2013 Fixed fee of 8,500 \u20ac (incl. VAT) (7,083.33 \u20ac excl. VAT)<\/li> <li>From 125,001 \u20ac to 200,000 \u20ac \u2013 Fixed fee of 12,000 \u20ac (incl. VAT) (10,833.33 \u20ac excl. VAT)<\/li> <li>From 200,001 \u20ac to 550,000 \u20ac \u2013 Fee of 6% (incl. VAT) (5% excl. VAT)<\/li> <li>From 550,001 \u20ac to 750,000 \u20ac \u2013 Fee of 5% (incl. VAT) (4.17% excl. VAT)<\/li> <li>Above 750,001 \u20ac \u2013 Fee of 4.5% (incl. VAT) (3.75% excl. VAT)<\/li> <\/ul> <p>(Rates as of May 15, 2023). VAT rate: 20%<\/p> <\/div> <\/div> <\/div> <\/div> <\/div> <\/section> <p><\/p> <p><\/p> <h2>3. Publication Director<\/h2> <p><\/p> <p>&#8211;<\/p> <p><\/p> <h2>4. Editor-in-Chief<\/h2> <p><\/p> <p>&#8211;<\/p> <p><\/p> <h2>5. Website Publisher<\/h2> <p><\/p> <p>&#8211; The website www.immopro.fr is published by the company L&#8217;Agence Midi-Libre<\/p> <p><\/p> <ul> <li style=\"list-style-type: none;\"> <ul><\/ul> <\/li> <\/ul> <ul> <li style=\"list-style-type: none;\"> <ul> <li>This site is published by L&#8217;Agence, a partnership with a capital of 385,000 euros, Rue du Mas-de-Grille, 34430 SAINT-JEAN-DE-VEDAS, registered with the Trade and Companies Register of MONTPELLIER, under number 404 010 209.<\/li> <\/ul> <\/li> <\/ul> <p><\/p> <p><\/p> <h2>6. Website Host<\/h2> <p><\/p> <p>&#8211; The website www.immopro.fr is hosted by the company Ionos<\/p> <p><\/p> <p><strong>IONOS SARL:<\/strong><br \/>7, place de la Gare <br \/>BP 70109 <br \/>57200 Sarreguemines C<br \/>You can reach our customer service by phone 24\/7 at 0970 808 911 (non-premium call) or by email at the following address: info@ionos.fr<\/p> <p><\/p> <p><strong>IONOS Cloud:<\/strong><br \/>You can reach our customer service by phone at +49 30 57700 850 or by email at the following address: info@cloud.ionos.de<\/p> <p><\/p> <h3>Report Illegal Content<\/h3> <p><\/p> <p>In accordance with article 6-I-7 of the Law of June 21, 2004, known as LCEN, IONOS SARL allows you to report any content that may constitute violations under the fifth and eighth paragraphs of article 24 of the law of July 29, 1881 on the freedom of the press and article 227-23 of the Penal Code: apology for crimes against humanity, incitement to racial hatred, child pornography.<\/p> <p><\/p> <p>To report manifestly illegal content hosted by IONOS, simply send an email to litiges@ionos.fr, specifying:<\/p> <p><\/p> <ul> <li style=\"list-style-type: none;\"> <ul><\/ul> <\/li> <\/ul> <ul> <li style=\"list-style-type: none;\"> <ul> <li>The address of the site or page from which the content is accessible;<\/li> <\/ul> <\/li> <\/ul> <p><\/p> <ul> <li style=\"list-style-type: none;\"> <ul> <li>The content considered illegal;<\/li> <\/ul> <\/li> <\/ul> <p><\/p> <ul> <li style=\"list-style-type: none;\"> <ul> <li>The date you discovered the content considered illegal;<\/li> <\/ul> <\/li> <\/ul> <p><\/p> <ul> <li style=\"list-style-type: none;\"> <ul> <li>Your identity (full name and contact details).<\/li> <\/ul> <\/li> <\/ul> <p><\/p> <p><\/p> <p>IONOS reminds you that LCEN punishes any misuse of reporting with a penalty of one year in prison and a fine of 15,000 \u20ac.<\/p> <p><\/p> <h2>7. Intellectual Property Rights Attached to the Site<\/h2> <p><\/p> <p>The Site L&#8217;AGENCE D&#8217;OCCITANIE &#8211; IMMO PRO is a work of the mind protected by intellectual property law. The Site and each of its components (such as, but not limited to, trademarks, logos, photographs, images, illustrations, texts, videos&#8230;) are the exclusive property of L&#8217;AGENCE D&#8217;OCCITANIE &#8211; IMMO PRO, the only entity authorized to use the intellectual property rights and personality rights associated with it, granting no license or other rights except to consult the site.<\/p> <p><\/p> <p>The reproduction of all documents published on the Site is only authorized for exclusive information purposes for strictly personal and private use. Any reproduction and\/or representation, in whole or in part, of the Site, or any of its components, on any medium whatsoever, for other purposes, especially commercial purposes, is expressly prohibited.<\/p>\n\t\t\t\t\t\t<\/div>\n\t\t\t\t<\/div>\n\t\t\t\t\t<\/div>\n\t\t<\/div>\n\t\t\t\t\t<\/div>\n\t\t<\/section>\n\t\t\t\t<\/div>\n\t\t","protected":false},"excerpt":{"rendered":"<p>1. Company Site L&#8217;AGENCE D&#8217;OCCITANIE Company Name: L&#8217;AGENCE D&#8217;OCCITANIE \/ Real Estate Agency Immo Pro Legal Name: L&#8217;AGENCE D&#8217;OCCITANIE Head Office Address: 19 Place du 8 mai 1945, 32130 Samatan Phone: 05.62.62.42.62 RCS AUCH &#8211; SIRET No. 880 715 073 00016 VAT Number: FR61880715073 APE Code: 6831Z Share Capital: 10,000 \u20ac Professional License Number: Issued [&hellip;]<\/p>\n","protected":false},"author":1,"featured_media":0,"parent":0,"menu_order":0,"comment_status":"closed","ping_status":"open","template":"","meta":{"footnotes":""},"class_list":["post-45251","page","type-page","status-publish","hentry"],"acf":[],"yoast_head":"<!-- This site is optimized with the Yoast SEO plugin v23.7 - https:\/\/yoast.com\/wordpress\/plugins\/seo\/ -->\n<title>Legal Notice - Immo Pro - L&#039;Agence d&#039;Occitanie<\/title>\n<meta name=\"description\" content=\"Mentions l\u00e9gales d&#039;Immo Pro : retrouvez ici toutes nos mentions l\u00e9gales, politique de confidentialit\u00e9 et de cookies\" \/>\n<meta name=\"robots\" content=\"noindex, nofollow\" \/>\n<meta property=\"og:locale\" content=\"en_US\" \/>\n<meta property=\"og:type\" content=\"article\" \/>\n<meta property=\"og:title\" content=\"Legal Notice - Immo Pro - L&#039;Agence d&#039;Occitanie\" \/>\n<meta property=\"og:description\" content=\"Mentions l\u00e9gales d&#039;Immo Pro : retrouvez ici toutes nos mentions l\u00e9gales, politique de confidentialit\u00e9 et de cookies\" \/>\n<meta property=\"og:url\" content=\"https:\/\/immopro.fr\/en\/legal-notice\/\" \/>\n<meta property=\"og:site_name\" content=\"Immo Pro - L&#039;Agence d&#039;Occitanie\" \/>\n<meta property=\"article:publisher\" content=\"https:\/\/www.facebook.com\/immoprolagencedoccitanie\" \/>\n<meta property=\"article:modified_time\" content=\"2024-10-03T08:09:14+00:00\" \/>\n<meta property=\"og:image\" content=\"https:\/\/immopro.fr\/wp-content\/uploads\/2022\/04\/ImmoproWeb_paysage_2V5A4308-1024x683.jpg\" \/>\n\t<meta property=\"og:image:width\" content=\"1024\" \/>\n\t<meta property=\"og:image:height\" content=\"683\" \/>\n\t<meta property=\"og:image:type\" content=\"image\/jpeg\" \/>\n<meta name=\"twitter:card\" content=\"summary_large_image\" \/>\n<meta name=\"twitter:label1\" content=\"Est. reading time\" \/>\n\t<meta name=\"twitter:data1\" content=\"11 minutes\" \/>\n<script type=\"application\/ld+json\" class=\"yoast-schema-graph\">{\"@context\":\"https:\/\/schema.org\",\"@graph\":[{\"@type\":\"WebPage\",\"@id\":\"https:\/\/immopro.fr\/en\/legal-notice\/\",\"url\":\"https:\/\/immopro.fr\/en\/legal-notice\/\",\"name\":\"Legal Notice - Immo Pro - L'Agence d'Occitanie\",\"isPartOf\":{\"@id\":\"https:\/\/immopro.fr\/en\/#website\"},\"datePublished\":\"2022-04-01T15:12:44+00:00\",\"dateModified\":\"2024-10-03T08:09:14+00:00\",\"description\":\"Mentions l\u00e9gales d'Immo Pro : retrouvez ici toutes nos mentions l\u00e9gales, politique de confidentialit\u00e9 et de cookies\",\"breadcrumb\":{\"@id\":\"https:\/\/immopro.fr\/en\/legal-notice\/#breadcrumb\"},\"inLanguage\":\"en-US\",\"potentialAction\":[{\"@type\":\"ReadAction\",\"target\":[\"https:\/\/immopro.fr\/en\/legal-notice\/\"]}]},{\"@type\":\"BreadcrumbList\",\"@id\":\"https:\/\/immopro.fr\/en\/legal-notice\/#breadcrumb\",\"itemListElement\":[{\"@type\":\"ListItem\",\"position\":1,\"name\":\"Accueil\",\"item\":\"https:\/\/immopro.fr\/en\/\"},{\"@type\":\"ListItem\",\"position\":2,\"name\":\"Legal Notice\"}]},{\"@type\":\"WebSite\",\"@id\":\"https:\/\/immopro.fr\/en\/#website\",\"url\":\"https:\/\/immopro.fr\/en\/\",\"name\":\"Immo Pro - L'Agence d'Occitanie\",\"description\":\"Our real estate agencies in the Samantan and Lombez sector\",\"publisher\":{\"@id\":\"https:\/\/immopro.fr\/en\/#organization\"},\"alternateName\":\"Immopro, l'immobilier \u00e0 Samatan et \u00e0 Lombez\",\"potentialAction\":[{\"@type\":\"SearchAction\",\"target\":{\"@type\":\"EntryPoint\",\"urlTemplate\":\"https:\/\/immopro.fr\/en\/?s={search_term_string}\"},\"query-input\":{\"@type\":\"PropertyValueSpecification\",\"valueRequired\":true,\"valueName\":\"search_term_string\"}}],\"inLanguage\":\"en-US\"},{\"@type\":\"Organization\",\"@id\":\"https:\/\/immopro.fr\/en\/#organization\",\"name\":\"Immo Pro - L'Agence d'Occitanie\",\"alternateName\":\"ImmoPro\",\"url\":\"https:\/\/immopro.fr\/en\/\",\"logo\":{\"@type\":\"ImageObject\",\"inLanguage\":\"en-US\",\"@id\":\"https:\/\/immopro.fr\/en\/#\/schema\/logo\/image\/\",\"url\":\"https:\/\/immopro.fr\/wp-content\/uploads\/2022\/10\/1-1-e1665660373133.png\",\"contentUrl\":\"https:\/\/immopro.fr\/wp-content\/uploads\/2022\/10\/1-1-e1665660373133.png\",\"width\":2000,\"height\":459,\"caption\":\"Immo Pro - L'Agence d'Occitanie\"},\"image\":{\"@id\":\"https:\/\/immopro.fr\/en\/#\/schema\/logo\/image\/\"},\"sameAs\":[\"https:\/\/www.facebook.com\/immoprolagencedoccitanie\",\"https:\/\/www.instagram.com\/immopro_lagencedoccitanie\/\"]}]}<\/script>\n<!-- \/ Yoast SEO plugin. -->","yoast_head_json":{"title":"Legal Notice - Immo Pro - L'Agence d'Occitanie","description":"Mentions l\u00e9gales d'Immo Pro : retrouvez ici toutes nos mentions l\u00e9gales, politique de confidentialit\u00e9 et de cookies","robots":{"index":"noindex","follow":"nofollow"},"og_locale":"en_US","og_type":"article","og_title":"Legal Notice - Immo Pro - L'Agence d'Occitanie","og_description":"Mentions l\u00e9gales d'Immo Pro : retrouvez ici toutes nos mentions l\u00e9gales, politique de confidentialit\u00e9 et de cookies","og_url":"https:\/\/immopro.fr\/en\/legal-notice\/","og_site_name":"Immo Pro - L'Agence d'Occitanie","article_publisher":"https:\/\/www.facebook.com\/immoprolagencedoccitanie","article_modified_time":"2024-10-03T08:09:14+00:00","og_image":[{"width":1024,"height":683,"url":"https:\/\/immopro.fr\/wp-content\/uploads\/2022\/04\/ImmoproWeb_paysage_2V5A4308-1024x683.jpg","type":"image\/jpeg"}],"twitter_card":"summary_large_image","twitter_misc":{"Est. reading time":"11 minutes"},"schema":{"@context":"https:\/\/schema.org","@graph":[{"@type":"WebPage","@id":"https:\/\/immopro.fr\/en\/legal-notice\/","url":"https:\/\/immopro.fr\/en\/legal-notice\/","name":"Legal Notice - Immo Pro - L'Agence d'Occitanie","isPartOf":{"@id":"https:\/\/immopro.fr\/en\/#website"},"datePublished":"2022-04-01T15:12:44+00:00","dateModified":"2024-10-03T08:09:14+00:00","description":"Mentions l\u00e9gales d'Immo Pro : retrouvez ici toutes nos mentions l\u00e9gales, politique de confidentialit\u00e9 et de cookies","breadcrumb":{"@id":"https:\/\/immopro.fr\/en\/legal-notice\/#breadcrumb"},"inLanguage":"en-US","potentialAction":[{"@type":"ReadAction","target":["https:\/\/immopro.fr\/en\/legal-notice\/"]}]},{"@type":"BreadcrumbList","@id":"https:\/\/immopro.fr\/en\/legal-notice\/#breadcrumb","itemListElement":[{"@type":"ListItem","position":1,"name":"Accueil","item":"https:\/\/immopro.fr\/en\/"},{"@type":"ListItem","position":2,"name":"Legal Notice"}]},{"@type":"WebSite","@id":"https:\/\/immopro.fr\/en\/#website","url":"https:\/\/immopro.fr\/en\/","name":"Immo Pro - L'Agence d'Occitanie","description":"Our real estate agencies in the Samantan and Lombez sector","publisher":{"@id":"https:\/\/immopro.fr\/en\/#organization"},"alternateName":"Immopro, l'immobilier \u00e0 Samatan et \u00e0 Lombez","potentialAction":[{"@type":"SearchAction","target":{"@type":"EntryPoint","urlTemplate":"https:\/\/immopro.fr\/en\/?s={search_term_string}"},"query-input":{"@type":"PropertyValueSpecification","valueRequired":true,"valueName":"search_term_string"}}],"inLanguage":"en-US"},{"@type":"Organization","@id":"https:\/\/immopro.fr\/en\/#organization","name":"Immo Pro - L'Agence d'Occitanie","alternateName":"ImmoPro","url":"https:\/\/immopro.fr\/en\/","logo":{"@type":"ImageObject","inLanguage":"en-US","@id":"https:\/\/immopro.fr\/en\/#\/schema\/logo\/image\/","url":"https:\/\/immopro.fr\/wp-content\/uploads\/2022\/10\/1-1-e1665660373133.png","contentUrl":"https:\/\/immopro.fr\/wp-content\/uploads\/2022\/10\/1-1-e1665660373133.png","width":2000,"height":459,"caption":"Immo Pro - L'Agence d'Occitanie"},"image":{"@id":"https:\/\/immopro.fr\/en\/#\/schema\/logo\/image\/"},"sameAs":["https:\/\/www.facebook.com\/immoprolagencedoccitanie","https:\/\/www.instagram.com\/immopro_lagencedoccitanie\/"]}]}},"_links":{"self":[{"href":"https:\/\/immopro.fr\/en\/wp-json\/wp\/v2\/pages\/45251","targetHints":{"allow":["GET"]}}],"collection":[{"href":"https:\/\/immopro.fr\/en\/wp-json\/wp\/v2\/pages"}],"about":[{"href":"https:\/\/immopro.fr\/en\/wp-json\/wp\/v2\/types\/page"}],"author":[{"embeddable":true,"href":"https:\/\/immopro.fr\/en\/wp-json\/wp\/v2\/users\/1"}],"replies":[{"embeddable":true,"href":"https:\/\/immopro.fr\/en\/wp-json\/wp\/v2\/comments?post=45251"}],"version-history":[{"count":0,"href":"https:\/\/immopro.fr\/en\/wp-json\/wp\/v2\/pages\/45251\/revisions"}],"wp:attachment":[{"href":"https:\/\/immopro.fr\/en\/wp-json\/wp\/v2\/media?parent=45251"}],"curies":[{"name":"wp","href":"https:\/\/api.w.org\/{rel}","templated":true}]}}